{"id":35354,"date":"2024-07-10T13:36:30","date_gmt":"2024-07-10T13:36:30","guid":{"rendered":"http:\/\/glasgelander.com\/%d0%ba%d0%be%d0%bd%d1%82%d0%b0%d0%ba%d1%82\/"},"modified":"2025-06-04T07:05:56","modified_gmt":"2025-06-04T07:05:56","slug":"%d0%ba%d0%be%d0%bd%d1%82%d0%b0%d0%ba%d1%82","status":"publish","type":"page","link":"https:\/\/glasgelander.com\/bg\/%d0%ba%d0%be%d0%bd%d1%82%d0%b0%d0%ba%d1%82\/","title":{"rendered":"\u041a\u043e\u043d\u0442\u0430\u043a\u0442"},"content":{"rendered":"\t\t<div data-elementor-type=\"wp-page\" data-elementor-id=\"35354\" class=\"elementor elementor-35354 elementor-35265\" data-elementor-post-type=\"page\">\n\t\t\t\t<div class=\"elementor-element elementor-element-76492ee e-flex e-con-boxed e-con e-parent\" data-id=\"76492ee\" data-element_type=\"container\" data-e-type=\"container\">\n\t\t\t\t\t<div class=\"e-con-inner\">\n\t\t<div class=\"elementor-element elementor-element-01e453c e-con-full e-flex e-con e-child\" data-id=\"01e453c\" data-element_type=\"container\" data-e-type=\"container\">\n\t\t\t\t<div class=\"elementor-element elementor-element-0b5f6c0 elementor-view-default elementor-position-block-start elementor-mobile-position-block-start elementor-widget elementor-widget-icon-box\" data-id=\"0b5f6c0\" data-element_type=\"widget\" data-e-type=\"widget\" data-widget_type=\"icon-box.default\">\n\t\t\t\t<div class=\"elementor-widget-container\">\n\t\t\t\t\t\t\t<div class=\"elementor-icon-box-wrapper\">\n\n\t\t\t\t\t\t<div class=\"elementor-icon-box-icon\">\n\t\t\t\t<span  class=\"elementor-icon\">\n\t\t\t\t<i aria-hidden=\"true\" class=\"fas fa-clock\"><\/i>\t\t\t\t<\/span>\n\t\t\t<\/div>\n\t\t\t\n\t\t\t\t\t\t<div class=\"elementor-icon-box-content\">\n\n\t\t\t\t\t\t\t\t\t<h3 class=\"elementor-icon-box-title\">\n\t\t\t\t\t\t<span  >\n\t\t\t\t\t\t\t\u0420\u0430\u0431\u043e\u0442\u043d\u043e \u0432\u0440\u0435\u043c\u0435\t\t\t\t\t\t<\/span>\n\t\t\t\t\t<\/h3>\n\t\t\t\t\n\t\t\t\t\t\t\t\t\t<p class=\"elementor-icon-box-description\">\n\t\t\t\t\t\t\u041f\u043e\u043d\u0435\u0434\u0435\u043b\u043d\u0438\u043a \u0434\u043e \u041f\u0435\u0442\u044a\u043a: 8 \u0434\u043e 17 \u0447\u0430\u0441\u0430 \n<br>\n\u0421\u044a\u0431\u043e\u0442\u0430: \u0417\u0430\u0442\u0432\u043e\u0440\u0435\u043d\u043e\n<br>\n\u041d\u0435\u0434\u0435\u043b\u044f: \u0417\u0430\u0442\u0432\u043e\u0440\u0435\u043d\u043e\t\t\t\t\t<\/p>\n\t\t\t\t\n\t\t\t<\/div>\n\t\t\t\n\t\t<\/div>\n\t\t\t\t\t\t<\/div>\n\t\t\t\t<\/div>\n\t\t\t\t<\/div>\n\t\t<div class=\"elementor-element elementor-element-899c15f e-con-full e-flex e-con e-child\" data-id=\"899c15f\" data-element_type=\"container\" data-e-type=\"container\">\n\t\t\t\t<div class=\"elementor-element elementor-element-aa767f6 elementor-view-default elementor-position-block-start elementor-mobile-position-block-start elementor-widget elementor-widget-icon-box\" data-id=\"aa767f6\" data-element_type=\"widget\" data-e-type=\"widget\" data-widget_type=\"icon-box.default\">\n\t\t\t\t<div class=\"elementor-widget-container\">\n\t\t\t\t\t\t\t<div class=\"elementor-icon-box-wrapper\">\n\n\t\t\t\t\t\t<div class=\"elementor-icon-box-icon\">\n\t\t\t\t<span  class=\"elementor-icon\">\n\t\t\t\t<i aria-hidden=\"true\" class=\"fas fa-phone-alt\"><\/i>\t\t\t\t<\/span>\n\t\t\t<\/div>\n\t\t\t\n\t\t\t\t\t\t<div class=\"elementor-icon-box-content\">\n\n\t\t\t\t\t\t\t\t\t<h3 class=\"elementor-icon-box-title\">\n\t\t\t\t\t\t<span  >\n\t\t\t\t\t\t\t\u0422\u0435\u043b\u0435\u0444\u043e\u043d\t\t\t\t\t\t<\/span>\n\t\t\t\t\t<\/h3>\n\t\t\t\t\n\t\t\t\t\t\t\t\t\t<p class=\"elementor-icon-box-description\">\n\t\t\t\t\t\t+49 911 36666 299  <br>\n+49 157 37826 426\t\t\t\t\t<\/p>\n\t\t\t\t\n\t\t\t<\/div>\n\t\t\t\n\t\t<\/div>\n\t\t\t\t\t\t<\/div>\n\t\t\t\t<\/div>\n\t\t\t\t<\/div>\n\t\t<div class=\"elementor-element elementor-element-9e7bbc2 e-con-full e-flex e-con e-child\" data-id=\"9e7bbc2\" data-element_type=\"container\" data-e-type=\"container\">\n\t\t\t\t<div class=\"elementor-element elementor-element-bbc4573 elementor-view-default elementor-position-block-start elementor-mobile-position-block-start elementor-widget elementor-widget-icon-box\" data-id=\"bbc4573\" data-element_type=\"widget\" data-e-type=\"widget\" data-widget_type=\"icon-box.default\">\n\t\t\t\t<div class=\"elementor-widget-container\">\n\t\t\t\t\t\t\t<div class=\"elementor-icon-box-wrapper\">\n\n\t\t\t\t\t\t<div class=\"elementor-icon-box-icon\">\n\t\t\t\t<span  class=\"elementor-icon\">\n\t\t\t\t<i aria-hidden=\"true\" class=\"fas fa-envelope\"><\/i>\t\t\t\t<\/span>\n\t\t\t<\/div>\n\t\t\t\n\t\t\t\t\t\t<div class=\"elementor-icon-box-content\">\n\n\t\t\t\t\t\t\t\t\t<h3 class=\"elementor-icon-box-title\">\n\t\t\t\t\t\t<span  >\n\t\t\t\t\t\t\t\u0418\u043c\u0435\u0439\u043b\t\t\t\t\t\t<\/span>\n\t\t\t\t\t<\/h3>\n\t\t\t\t\n\t\t\t\t\t\t\t\t\t<p class=\"elementor-icon-box-description\">\n\t\t\t\t\t\tinfo@tayskvision.com\t\t\t\t\t<\/p>\n\t\t\t\t\n\t\t\t<\/div>\n\t\t\t\n\t\t<\/div>\n\t\t\t\t\t\t<\/div>\n\t\t\t\t<\/div>\n\t\t\t\t<\/div>\n\t\t\t\t\t<\/div>\n\t\t\t\t<\/div>\n\t\t<div class=\"elementor-element elementor-element-52ae20f e-flex e-con-boxed e-con e-parent\" data-id=\"52ae20f\" data-element_type=\"container\" data-e-type=\"container\">\n\t\t\t\t\t<div class=\"e-con-inner\">\n\t\t<div class=\"elementor-element elementor-element-af508dd e-con-full e-flex e-con e-child\" data-id=\"af508dd\" data-element_type=\"container\" data-e-type=\"container\">\n\t\t<div class=\"elementor-element elementor-element-055d594 e-con-full e-flex e-con e-child\" data-id=\"055d594\" data-element_type=\"container\" data-e-type=\"container\">\n\t\t\t\t<div class=\"elementor-element elementor-element-f595708 elementor-widget elementor-widget-heading\" data-id=\"f595708\" data-element_type=\"widget\" data-e-type=\"widget\" data-widget_type=\"heading.default\">\n\t\t\t\t<div class=\"elementor-widget-container\">\n\t\t\t\t\t<h2 class=\"elementor-heading-title elementor-size-default\">\u041a\u043e\u043d\u0442\u0430\u043a\u0442\u043d\u0430 \u0424\u043e\u0440\u043c\u0430<\/h2>\t\t\t\t<\/div>\n\t\t\t\t<\/div>\n\t\t\t\t<div class=\"elementor-element elementor-element-3a66883 elementor-widget elementor-widget-text-editor\" data-id=\"3a66883\" data-element_type=\"widget\" data-e-type=\"widget\" data-widget_type=\"text-editor.default\">\n\t\t\t\t<div class=\"elementor-widget-container\">\n\t\t\t\t\t\t\t\t\t<div class=\"forminator-ui forminator-custom-form forminator-custom-form-35243 forminator-design--material  forminator_ajax\" data-forminator-render=\"0\" data-form=\"forminator-module-35243\" data-uid=\"69dc2ab429d9d\"><br\/><\/div><form\n\t\t\t\tid=\"forminator-module-35243\"\n\t\t\t\tclass=\"forminator-ui forminator-custom-form forminator-custom-form-35243 forminator-design--material  forminator_ajax\"\n\t\t\t\tmethod=\"post\"\n\t\t\t\tdata-forminator-render=\"0\"\n\t\t\t\tdata-form-id=\"35243\"\n\t\t\t\t data-color-option=\"default\" data-design=\"material\" data-grid=\"open\" style=\"display: none;\"\n\t\t\t\tdata-uid=\"69dc2ab429d9d\"\n\t\t\t><div role=\"alert\" aria-live=\"polite\" class=\"forminator-response-message forminator-error\" aria-hidden=\"true\"><\/div><div class=\"forminator-row\"><div id=\"name-1\" class=\"forminator-field-name forminator-col forminator-col-12 \"><div class=\"forminator-field\"><label for=\"forminator-field-name-1_69dc2ab429d9d\" id=\"forminator-field-name-1_69dc2ab429d9d-label\" class=\"forminator-label\">\u0418\u043c\u0435 <span class=\"forminator-required\">*<\/span><\/label><input type=\"text\" name=\"name-1\" value=\"\" placeholder=\"\" id=\"forminator-field-name-1_69dc2ab429d9d\" class=\"forminator-input forminator-name--field\" aria-required=\"true\" autocomplete=\"name\" \/><\/div><\/div><\/div><div class=\"forminator-row\"><div id=\"email-1\" class=\"forminator-field-email forminator-col forminator-col-12 \"><div class=\"forminator-field\"><label for=\"forminator-field-email-1_69dc2ab429d9d\" id=\"forminator-field-email-1_69dc2ab429d9d-label\" class=\"forminator-label\">E-Mail <span class=\"forminator-required\">*<\/span><\/label><input type=\"email\" name=\"email-1\" value=\"\" placeholder=\"\" id=\"forminator-field-email-1_69dc2ab429d9d\" class=\"forminator-input forminator-email--field\" data-required=\"true\" aria-required=\"true\" autocomplete=\"email\" \/><\/div><\/div><\/div><div class=\"forminator-row\"><div id=\"phone-1\" class=\"forminator-field-phone forminator-col forminator-col-12 \"><div class=\"forminator-field\"><label for=\"forminator-field-phone-1_69dc2ab429d9d\" id=\"forminator-field-phone-1_69dc2ab429d9d-label\" class=\"forminator-label\">\u0422\u0435\u043b\u0435\u0444\u043e\u043d\u0435\u043d \u043d\u043e\u043c\u0435\u0440<\/label><input type=\"text\" name=\"phone-1\" value=\"\" placeholder=\"\" id=\"forminator-field-phone-1_69dc2ab429d9d\" class=\"forminator-input forminator-field--phone\" data-required=\"\" aria-required=\"false\" autocomplete=\"off\" \/><\/div><\/div><\/div><div class=\"forminator-row\"><div id=\"textarea-1\" class=\"forminator-field-textarea forminator-col forminator-col-12 \"><div class=\"forminator-field\"><label for=\"forminator-field-textarea-1_69dc2ab429d9d\" id=\"forminator-field-textarea-1_69dc2ab429d9d-label\" class=\"forminator-label\">\u0412\u0430\u0448\u0435\u0442\u043e \u0441\u044a\u043e\u0431\u0449\u0435\u043d\u0438\u0435 <span class=\"forminator-required\">*<\/span><\/label><textarea name=\"textarea-1\" placeholder=\"\" id=\"forminator-field-textarea-1_69dc2ab429d9d\" class=\"forminator-textarea\" rows=\"6\" style=\"min-height:140px;\" maxlength=\"180\" ><\/textarea><span id=\"forminator-field-textarea-1_69dc2ab429d9d-description\" class=\"forminator-description\"><span data-limit=\"180\" data-type=\"characters\" data-editor=\"\">0 \/ 180<\/span><\/span><\/div><\/div><\/div><input type=\"hidden\" name=\"referer_url\" value=\"\" \/><div class=\"forminator-row forminator-row-last\"><div class=\"forminator-col\"><div class=\"forminator-field\"><button class=\"forminator-button forminator-button-submit\"><span>\u0418\u0437\u043f\u0440\u0430\u0442\u0438<\/span><span aria-hidden=\"true\"><\/span><\/button><\/div><\/div><\/div><input type=\"hidden\" id=\"forminator_nonce\" name=\"forminator_nonce\" value=\"a786d15e6e\" \/><input type=\"hidden\" name=\"_wp_http_referer\" value=\"\/bg\/wp-json\/wp\/v2\/pages\/35354\" \/><input type=\"hidden\" name=\"form_id\" value=\"35243\"><input type=\"hidden\" name=\"page_id\" value=\"35354\"><input type=\"hidden\" name=\"form_type\" value=\"default\"><input type=\"hidden\" name=\"current_url\" value=\"https:\/\/glasgelander.com\/bg\/%d0%ba%d0%be%d0%bd%d1%82%d0%b0%d0%ba%d1%82\/\"><input type=\"hidden\" name=\"render_id\" value=\"0\"><input type=\"hidden\" name=\"action\" value=\"forminator_submit_form_custom-forms\"><\/form><\/p>\t\t\t\t\t\t\t\t<\/div>\n\t\t\t\t<\/div>\n\t\t\t\t<\/div>\n\t\t\t\t<\/div>\n\t\t\t\t\t<\/div>\n\t\t\t\t<\/div>\n\t\t<div class=\"elementor-element elementor-element-0016407 e-flex e-con-boxed e-con e-parent\" data-id=\"0016407\" data-element_type=\"container\" data-e-type=\"container\">\n\t\t\t\t\t<div class=\"e-con-inner\">\n\t\t<div class=\"elementor-element elementor-element-870c097 e-con-full e-flex e-con e-child\" data-id=\"870c097\" data-element_type=\"container\" data-e-type=\"container\">\n\t\t\t\t<div class=\"elementor-element elementor-element-7439a71 elementor-widget elementor-widget-heading\" data-id=\"7439a71\" data-element_type=\"widget\" data-e-type=\"widget\" data-widget_type=\"heading.default\">\n\t\t\t\t<div class=\"elementor-widget-container\">\n\t\t\t\t\t<h2 class=\"elementor-heading-title elementor-size-default\">\u041f\u0430\u0440\u0442\u043d\u044c\u043e\u0440 \u0437\u0430 \u043f\u0440\u043e\u0434\u0430\u0436\u0431\u0438 \u0438 \u043c\u043e\u043d\u0442\u0430\u0436 \u0432 \u0413\u0435\u0440\u043c\u0430\u043d\u0438\u044f<\/h2>\t\t\t\t<\/div>\n\t\t\t\t<\/div>\n\t\t\t\t<\/div>\n\t\t\t\t<div class=\"elementor-element elementor-element-dc2d5ea elementor-widget elementor-widget-icon-box\" data-id=\"dc2d5ea\" data-element_type=\"widget\" data-e-type=\"widget\" data-widget_type=\"icon-box.default\">\n\t\t\t\t<div class=\"elementor-widget-container\">\n\t\t\t\t\t\t\t<div class=\"elementor-icon-box-wrapper\">\n\n\t\t\t\n\t\t\t\t\t\t<div class=\"elementor-icon-box-content\">\n\n\t\t\t\t\n\t\t\t\t\t\t\t\t\t<p class=\"elementor-icon-box-description\">\n\t\t\t\t\t\tRoni Vision\n<br>\nW\u00fcrzburgerstra\u00dfe 592\n<br>\n90768 F\u00fcrth\n<br>\n+49 911 36666 299\n<br>\n+49 157 37 82 64 26\n<br>\ninfo.ronivision@gmail.com\t\t\t\t\t<\/p>\n\t\t\t\t\n\t\t\t<\/div>\n\t\t\t\n\t\t<\/div>\n\t\t\t\t\t\t<\/div>\n\t\t\t\t<\/div>\n\t\t\t\t\t<\/div>\n\t\t\t\t<\/div>\n\t\t<div class=\"elementor-element elementor-element-75832d1 e-flex e-con-boxed e-con e-parent\" data-id=\"75832d1\" data-element_type=\"container\" data-e-type=\"container\" data-settings=\"{&quot;background_background&quot;:&quot;classic&quot;}\">\n\t\t\t\t\t<div class=\"e-con-inner\">\n\t\t\t\t<div class=\"elementor-element elementor-element-d040b0d elementor-widget elementor-widget-html\" data-id=\"d040b0d\" data-element_type=\"widget\" data-e-type=\"widget\" data-widget_type=\"html.default\">\n\t\t\t\t<div class=\"elementor-widget-container\">\n\t\t\t\t\t<iframe class=\"mymap\" src=\"https:\/\/www.google.com\/maps\/embed?pb=!1m18!1m12!1m3!1d1874.1592785224632!2d10.915496549382858!3d49.48920324481966!2m3!1f0!2f0!3f0!3m2!1i1024!2i768!4f13.1!3m3!1m2!1s0x479f55e79c0dd8ef%3A0x49b7b2fe9ba62013!2sRoni%20Vision!5e1!3m2!1sbg!2sde!4v1741699842001!5m2!1sbg!2sde\" width=\"1024px\" height=\"600px\" style=\"border:0;\" allowfullscreen=\"\" loading=\"lazy\" referrerpolicy=\"no-referrer-when-downgrade\"><\/iframe>\t\t\t\t<\/div>\n\t\t\t\t<\/div>\n\t\t\t\t\t<\/div>\n\t\t\t\t<\/div>\n\t\t\t\t<\/div>\n\t\t","protected":false},"excerpt":{"rendered":"<p>\u0420\u0430\u0431\u043e\u0442\u043d\u043e \u0432\u0440\u0435\u043c\u0435 \u041f\u043e\u043d\u0435\u0434\u0435\u043b\u043d\u0438\u043a \u0434\u043e \u041f\u0435\u0442\u044a\u043a: 8 \u0434\u043e 17 \u0447\u0430\u0441\u0430 \u0421\u044a\u0431\u043e\u0442\u0430: \u0417\u0430\u0442\u0432\u043e\u0440\u0435\u043d\u043e \u041d\u0435\u0434\u0435\u043b\u044f: \u0417\u0430\u0442\u0432\u043e\u0440\u0435\u043d\u043e \u0422\u0435\u043b\u0435\u0444\u043e\u043d +49 911 36666 299 +49 157 37826 426 \u0418\u043c\u0435\u0439\u043b info@tayskvision.com \u041a\u043e\u043d\u0442\u0430\u043a\u0442\u043d\u0430 \u0424\u043e\u0440\u043c\u0430 \u041f\u0430\u0440\u0442\u043d\u044c\u043e\u0440 \u0437\u0430 \u043f\u0440\u043e\u0434\u0430\u0436\u0431\u0438 \u0438 \u043c\u043e\u043d\u0442\u0430\u0436 \u0432 \u0413\u0435\u0440\u043c\u0430\u043d\u0438\u044f Roni Vision W\u00fcrzburgerstra\u00dfe 592 90768 F\u00fcrth +49 911 36666 299 +49 157 37 82 64 26 info.ronivision@gmail.com<\/p>\n","protected":false},"author":1,"featured_media":0,"parent":0,"menu_order":0,"comment_status":"closed","ping_status":"closed","template":"","meta":{"_seopress_robots_primary_cat":"","_seopress_titles_title":"","_seopress_titles_desc":"","_seopress_robots_index":"","footnotes":""},"class_list":["post-35354","page","type-page","status-publish","hentry"],"_links":{"self":[{"href":"https:\/\/glasgelander.com\/bg\/wp-json\/wp\/v2\/pages\/35354","targetHints":{"allow":["GET"]}}],"collection":[{"href":"https:\/\/glasgelander.com\/bg\/wp-json\/wp\/v2\/pages"}],"about":[{"href":"https:\/\/glasgelander.com\/bg\/wp-json\/wp\/v2\/types\/page"}],"author":[{"embeddable":true,"href":"https:\/\/glasgelander.com\/bg\/wp-json\/wp\/v2\/users\/1"}],"replies":[{"embeddable":true,"href":"https:\/\/glasgelander.com\/bg\/wp-json\/wp\/v2\/comments?post=35354"}],"version-history":[{"count":57,"href":"https:\/\/glasgelander.com\/bg\/wp-json\/wp\/v2\/pages\/35354\/revisions"}],"predecessor-version":[{"id":37353,"href":"https:\/\/glasgelander.com\/bg\/wp-json\/wp\/v2\/pages\/35354\/revisions\/37353"}],"wp:attachment":[{"href":"https:\/\/glasgelander.com\/bg\/wp-json\/wp\/v2\/media?parent=35354"}],"curies":[{"name":"wp","href":"https:\/\/api.w.org\/{rel}","templated":true}]}}